{"id":103,"date":"2023-07-03T10:54:47","date_gmt":"2023-07-03T08:54:47","guid":{"rendered":"http:\/\/192.168.1.42\/?page_id=103"},"modified":"2025-10-06T21:57:45","modified_gmt":"2025-10-06T19:57:45","slug":"informaton","status":"publish","type":"page","link":"https:\/\/snobberup.dk\/?page_id=103","title":{"rendered":"Information"},"content":{"rendered":"\r\n\r\n\r\n<h2>L\u00f8rdag den 1. November 2025, l\u00f8ber jeg mit marathon nr. 200!<\/h2>\r\n\r\n\r\n\r\n<p><strong>Starttid<\/strong>:\u00a0<strong>kl. 8.00 for Marathon og Ultral\u00f8b (50 km)<\/strong>,\u00a0<strong>kl. 10.00 for Halv-marathon<\/strong>.\u00a0<br \/><strong>L\u00f8ber\/g\u00e5r du omgange kan du starte n\u00e5r du har lyst<\/strong>.<\/p>\r\n\r\n\r\n\r\n<p><strong>M\u00f8detid<\/strong>: Gerne 15. min f\u00f8r.<br \/><strong>M\u00f8dested<\/strong>: Arboretvej 1, 2970 H\u00f8rsholm, 2970 H\u00f8rsholm (F\u00f8lg Kirkeg\u00e5rdsvej &#8211; det er n\u00e6sten for enden af vejen)<\/p>\r\n\r\n\r\n\r\n<p><strong>Parkering:\u00a0<\/strong>Langs Kirkeg\u00e5rdsvej<\/p>\r\n\r\n\r\n\r\n<p><strong>Ruten:\u00a0<\/strong>Marathon l\u00f8berne l\u00f8ber seks dejlige omgange, igennem skov og rundt om H\u00f8rsholm Kirke.<\/p>\r\n\r\n\r\n\r\n<p>Halv-marathon l\u00f8berne skal l\u00f8be tre omgange.<\/p>\r\n\r\n\r\n\r\n<p>Hver omgang er p\u00e5 ca. 7,1 km heraf 1,5 p\u00e5 asfalt og resten i den smukke Folehave skov \u2013 trailsko er ikke n\u00f8dvendige.<\/p>\r\n\r\n\r\n\r\n<p>Der er ingen mulighed for omkl\u00e6dning eller bad.<\/p>\r\n\r\n\r\n\r\n<p>Ruten er ikke flad, men det g\u00f8r ikke noget \ud83d\ude0a<\/p>\r\n\r\n\r\n\r\n<p><strong>Makstid<\/strong>: 6,5 time.<\/p>\r\n\r\n\r\n\r\n<p><strong>Afm\u00e6rkning<\/strong>: Ruten vil v\u00e6re afm\u00e6rket med gule og orange flag, s\u00e5 ingen kommer til at l\u00f8be forkert.<\/p>\r\n\r\n\r\n\r\n<p><strong>Tidstagning:<\/strong>\u00a0Du skal selv st\u00e5 for tidtagningen. Uret m\u00e5 under ingen omst\u00e6ndigheder slukkes undervejs og evt. autopause funktion skal v\u00e6re sl\u00e5et fra.<\/p>\r\n\r\n\r\n\r\n<p>N\u00e5r du er kommet i m\u00e5l, skriver du din tid p\u00e5 resultatlisten, som ligger i depotet i m\u00e5let.<\/p>\r\n\r\n\r\n\r\n<p><strong>Forplejning<\/strong>: Der er et fint depot efter hver omgang, hvor der er vand, saftevand, Cola, Faxe kondi, cacao-m\u00e6lk og slik og kage.<\/p>\r\n\r\n\r\n\r\n<p><strong>Tilmelding<\/strong>:\u00a0Maks deltagerantal 100.<\/p>\r\n\r\n\r\n\r\n<p>Tilmelding sker ved at klikke her:<\/p>\r\n<p><a href=\"https:\/\/snobberup.dk\/?page_id=109\">Tilmelding til Snobberup Marathon!<\/a><br \/><br \/><\/p>\r\n\r\n\r\n\r\n\r\n\r\n\r\n\r\n<p><strong>Pris:\u00a0<\/strong>100 kr. uanset distance (d\u00e6kker depot, medalje, diplom og hygge). <strong>Betaling kan ske til mobilepay 2515 9909.<\/strong><\/p>\r\n\r\n\r\n\r\n<p>Der er medalje til alle, uanset distance.<\/p>\r\n\r\n\r\n\r\n<p>Ved tilmelding accepterer du, at l\u00f8bet foreg\u00e5r p\u00e5 eget ansvar. Desuden accepterer du, at dit navn offentligg\u00f8res p\u00e5 deltagerlisten f\u00f8r l\u00f8bet og p\u00e5 resultatlisten efter l\u00f8bet. Herunder de eventuelle billeder der tages under\/f\u00f8r\/efter l\u00f8bet.<\/p>\r\n","protected":false},"excerpt":{"rendered":"<p>L\u00f8rdag den 1. November 2025, l\u00f8ber jeg mit marathon nr. 200! Starttid:\u00a0kl. 8.00 for Marathon og Ultral\u00f8b (50 km),\u00a0kl. 10.00 for Halv-marathon.\u00a0L\u00f8ber\/g\u00e5r du omgange kan du starte n\u00e5r du har lyst. M\u00f8detid: Gerne 15. min f\u00f8r.M\u00f8dested: Arboretvej 1, 2970 H\u00f8rsholm, 2970 H\u00f8rsholm (F\u00f8lg Kirkeg\u00e5rdsvej &#8211; det er n\u00e6sten for enden af vejen) Parkering:\u00a0Langs Kirkeg\u00e5rdsvej Ruten:\u00a0Marathon [&hellip;]<\/p>\n","protected":false},"author":1,"featured_media":0,"parent":0,"menu_order":0,"comment_status":"closed","ping_status":"closed","template":"full-width.php","meta":{"footnotes":""},"class_list":["post-103","page","type-page","status-publish","hentry"],"_links":{"self":[{"href":"https:\/\/snobberup.dk\/index.php?rest_route=\/wp\/v2\/pages\/103","targetHints":{"allow":["GET"]}}],"collection":[{"href":"https:\/\/snobberup.dk\/index.php?rest_route=\/wp\/v2\/pages"}],"about":[{"href":"https:\/\/snobberup.dk\/index.php?rest_route=\/wp\/v2\/types\/page"}],"author":[{"embeddable":true,"href":"https:\/\/snobberup.dk\/index.php?rest_route=\/wp\/v2\/users\/1"}],"replies":[{"embeddable":true,"href":"https:\/\/snobberup.dk\/index.php?rest_route=%2Fwp%2Fv2%2Fcomments&post=103"}],"version-history":[{"count":16,"href":"https:\/\/snobberup.dk\/index.php?rest_route=\/wp\/v2\/pages\/103\/revisions"}],"predecessor-version":[{"id":300,"href":"https:\/\/snobberup.dk\/index.php?rest_route=\/wp\/v2\/pages\/103\/revisions\/300"}],"wp:attachment":[{"href":"https:\/\/snobberup.dk\/index.php?rest_route=%2Fwp%2Fv2%2Fmedia&parent=103"}],"curies":[{"name":"wp","href":"https:\/\/api.w.org\/{rel}","templated":true}]}}