{"id":112,"date":"2023-07-03T11:10:21","date_gmt":"2023-07-03T09:10:21","guid":{"rendered":"http:\/\/192.168.1.42\/?page_id=112"},"modified":"2025-10-06T00:34:37","modified_gmt":"2025-10-05T22:34:37","slug":"deltagerliste","status":"publish","type":"page","link":"https:\/\/snobberup.dk\/?page_id=112","title":{"rendered":"Deltagerliste"},"content":{"rendered":"<h3>Oversigt over deltagere!<\/h3>\n<p>Hermed oversigten over deltagere:<\/p>\n<div id=\"footable_parent_186\"\n         class=\" footable_parent ninja_table_wrapper loading_ninja_table wp_table_data_press_parent semantic_ui \">\n                <table data-ninja_table_instance=\"ninja_table_instance_0\" data-footable_id=\"186\" data-filter-delay=\"1000\" aria-label=\"Tilmelding\"            id=\"footable_186\"\n           data-unique_identifier=\"ninja_table_unique_id_2463404686_186\"\n           class=\" foo-table ninja_footable foo_table_186 ninja_table_unique_id_2463404686_186 ui table  ninja_search_right nt_type_ajax_table fixed selectable celled striped compact vertical_centered  footable-paging-right\">\n                <colgroup>\n                            <col class=\"ninja_column_0 \">\n                            <col class=\"ninja_column_1 \">\n                            <col class=\"ninja_column_2 \">\n                    <\/colgroup>\n            <\/table>\n    \n    \n    \n<\/div>\n\n<p>St\u00e5r du ikke p\u00e5 listen, men mener du er tilmeldt s\u00e5, send en mail til\u00a0<a href=\"mailto:tilmelding@snobberup.dk\">tilmelding@snobberup.dk<\/a><\/p>\n","protected":false},"excerpt":{"rendered":"<p>Oversigt over deltagere! Hermed oversigten over deltagere: St\u00e5r du ikke p\u00e5 listen, men mener du er tilmeldt s\u00e5, send en mail til\u00a0tilmelding@snobberup.dk<\/p>\n","protected":false},"author":1,"featured_media":0,"parent":0,"menu_order":0,"comment_status":"closed","ping_status":"closed","template":"full-width.php","meta":{"footnotes":""},"class_list":["post-112","page","type-page","status-publish","hentry"],"_links":{"self":[{"href":"https:\/\/snobberup.dk\/index.php?rest_route=\/wp\/v2\/pages\/112","targetHints":{"allow":["GET"]}}],"collection":[{"href":"https:\/\/snobberup.dk\/index.php?rest_route=\/wp\/v2\/pages"}],"about":[{"href":"https:\/\/snobberup.dk\/index.php?rest_route=\/wp\/v2\/types\/page"}],"author":[{"embeddable":true,"href":"https:\/\/snobberup.dk\/index.php?rest_route=\/wp\/v2\/users\/1"}],"replies":[{"embeddable":true,"href":"https:\/\/snobberup.dk\/index.php?rest_route=%2Fwp%2Fv2%2Fcomments&post=112"}],"version-history":[{"count":10,"href":"https:\/\/snobberup.dk\/index.php?rest_route=\/wp\/v2\/pages\/112\/revisions"}],"predecessor-version":[{"id":279,"href":"https:\/\/snobberup.dk\/index.php?rest_route=\/wp\/v2\/pages\/112\/revisions\/279"}],"wp:attachment":[{"href":"https:\/\/snobberup.dk\/index.php?rest_route=%2Fwp%2Fv2%2Fmedia&parent=112"}],"curies":[{"name":"wp","href":"https:\/\/api.w.org\/{rel}","templated":true}]}}