{"id":114,"date":"2023-07-03T11:11:02","date_gmt":"2023-07-03T09:11:02","guid":{"rendered":"http:\/\/192.168.1.42\/?page_id=114"},"modified":"2025-11-05T22:17:32","modified_gmt":"2025-11-05T21:17:32","slug":"resultatliste","status":"publish","type":"page","link":"https:\/\/snobberup.dk\/?page_id=114","title":{"rendered":"Resultatliste"},"content":{"rendered":"<h2><strong>Efter l\u00f8bet kan du finde resultatlisten her!<\/strong><\/h2>\n<div>\n<div class=\"xdj266r x14z9mp xat24cr x1lziwak x1vvkbs x126k92a\">\n<div dir=\"auto\">TUSINDE, TUSINDE TAK fordi I kom og fejrede mit marathon nr 200 med mig p\u00e5 en fantastisk flot efter\u00e5rsdag i Folkehaveskoven og rundt om H\u00f8rsholm Kirke.<\/div>\n<\/div>\n<div class=\"x14z9mp xat24cr x1lziwak x1vvkbs xtlvy1s x126k92a\">\n<div dir=\"auto\">Jeg er dybt taknemmelig over at i valgte at bruge en del af jeres l\u00f8rdag sammen med mig og jeg f\u00f8ler mig heldig over at have s\u00e5 gode l\u00f8bevenner, venner og familie.<\/div>\n<\/div>\n<div class=\"x14z9mp xat24cr x1lziwak x1vvkbs xtlvy1s x126k92a\">\n<div dir=\"auto\">\n<p>TAK for de mange fine gaver!<\/p>\n<\/div>\n<\/div>\n<div class=\"x14z9mp xat24cr x1lziwak x1vvkbs xtlvy1s x126k92a\">\n<div dir=\"auto\">\n<p>Tak til <strong><span class=\"html-span xdj266r x14z9mp xat24cr x1lziwak xexx8yu xyri2b x18d9i69 x1c1uobl x1hl2dhg x16tdsg8 x1vvkbs\"><span class=\"xt0psk2\"><span class=\"xjp7ctv\">Marianne Kj\u00e6rsgaard<\/span><\/span><\/span><\/strong><span class=\"html-span xexx8yu xyri2b x18d9i69 x1c1uobl x1hl2dhg x16tdsg8 x1vvkbs x3nfvp2 x1j61x8r x1fcty0u xdj266r xat24cr xm2jcoa x1mpyi22 xxymvpz xlup9mm x1kky2od\"><img loading=\"lazy\" decoding=\"async\" class=\"xz74otr x15mokao x1ga7v0g x16uus16 xbiv7yw\" src=\"https:\/\/static.xx.fbcdn.net\/images\/emoji.php\/v9\/t6c\/1\/16\/2764.png\" alt=\"\u2764\" width=\"16\" height=\"16\" \/><\/span> for alt arbejdet hun har lavet med at f\u00e5 det hele til at lykkedes og tak til <strong><span class=\"html-span xdj266r x14z9mp xat24cr x1lziwak xexx8yu xyri2b x18d9i69 x1c1uobl x1hl2dhg x16tdsg8 x1vvkbs\"><span class=\"xt0psk2\"><span class=\"xjp7ctv\">Jan Raasth\u00f8j Arentoft<\/span><\/span><\/span><\/strong> for at st\u00e5 tidligt op og hj\u00e6lpe med alt det praktiske.<\/p>\n<\/div>\n<\/div>\n<div class=\"x14z9mp xat24cr x1lziwak x1vvkbs xtlvy1s x126k92a\">\n<div dir=\"auto\">\n<p>Vi ses derude i sporet p\u00e5 vej mod nr. #300 <span class=\"html-span xexx8yu xyri2b x18d9i69 x1c1uobl x1hl2dhg x16tdsg8 x1vvkbs x3nfvp2 x1j61x8r x1fcty0u xdj266r xat24cr xm2jcoa x1mpyi22 xxymvpz xlup9mm x1kky2od\"><img loading=\"lazy\" decoding=\"async\" class=\"xz74otr x15mokao x1ga7v0g x16uus16 xbiv7yw\" src=\"https:\/\/static.xx.fbcdn.net\/images\/emoji.php\/v9\/t4c\/1\/16\/1f642.png\" alt=\"\ud83d\ude42\" width=\"16\" height=\"16\" \/><\/span><\/p>\n<p>Her kan du hente resultatlisten &#8211; Er der fejl p\u00e5 den s\u00e5 send mig en sms og jeg retter det.<\/p>\n<p><a href=\"http:\/\/snobberup.dk\/wp-content\/uploads\/2025\/11\/Resultatliste_Snobberup_Marathon_Version1.pdf\">Resultatliste_Snobberup_Marathon_Version1<\/a><\/p>\n<\/div>\n<\/div>\n<\/div>\n","protected":false},"excerpt":{"rendered":"<p>Efter l\u00f8bet kan du finde resultatlisten her! TUSINDE, TUSINDE TAK fordi I kom og fejrede mit marathon nr 200 med mig p\u00e5 en fantastisk flot efter\u00e5rsdag i Folkehaveskoven og rundt om H\u00f8rsholm Kirke. Jeg er dybt taknemmelig over at i valgte at bruge en del af jeres l\u00f8rdag sammen med mig og jeg f\u00f8ler mig [&hellip;]<\/p>\n","protected":false},"author":1,"featured_media":0,"parent":0,"menu_order":0,"comment_status":"closed","ping_status":"closed","template":"full-width.php","meta":{"footnotes":""},"class_list":["post-114","page","type-page","status-publish","hentry"],"_links":{"self":[{"href":"https:\/\/snobberup.dk\/index.php?rest_route=\/wp\/v2\/pages\/114","targetHints":{"allow":["GET"]}}],"collection":[{"href":"https:\/\/snobberup.dk\/index.php?rest_route=\/wp\/v2\/pages"}],"about":[{"href":"https:\/\/snobberup.dk\/index.php?rest_route=\/wp\/v2\/types\/page"}],"author":[{"embeddable":true,"href":"https:\/\/snobberup.dk\/index.php?rest_route=\/wp\/v2\/users\/1"}],"replies":[{"embeddable":true,"href":"https:\/\/snobberup.dk\/index.php?rest_route=%2Fwp%2Fv2%2Fcomments&post=114"}],"version-history":[{"count":8,"href":"https:\/\/snobberup.dk\/index.php?rest_route=\/wp\/v2\/pages\/114\/revisions"}],"predecessor-version":[{"id":314,"href":"https:\/\/snobberup.dk\/index.php?rest_route=\/wp\/v2\/pages\/114\/revisions\/314"}],"wp:attachment":[{"href":"https:\/\/snobberup.dk\/index.php?rest_route=%2Fwp%2Fv2%2Fmedia&parent=114"}],"curies":[{"name":"wp","href":"https:\/\/api.w.org\/{rel}","templated":true}]}}